{"id":2591,"date":"2024-03-22T09:29:42","date_gmt":"2024-03-22T09:29:42","guid":{"rendered":"http:\/\/109.199.105.147\/wordpress\/?page_id=2591"},"modified":"2025-06-04T05:07:54","modified_gmt":"2025-06-04T05:07:54","slug":"smoi","status":"publish","type":"page","link":"https:\/\/silkmarkindia.com\/index.php\/smoi\/","title":{"rendered":"SMOI"},"content":{"rendered":"\t\t<div data-elementor-type=\"wp-page\" data-elementor-id=\"2591\" class=\"elementor elementor-2591\" data-elementor-settings=\"{&quot;ha_cmc_init_switcher&quot;:&quot;no&quot;,&quot;element_pack_global_tooltip_width&quot;:{&quot;unit&quot;:&quot;px&quot;,&quot;size&quot;:&quot;&quot;,&quot;sizes&quot;:[]},&quot;element_pack_global_tooltip_width_tablet&quot;:{&quot;unit&quot;:&quot;px&quot;,&quot;size&quot;:&quot;&quot;,&quot;sizes&quot;:[]},&quot;element_pack_global_tooltip_width_mobile&quot;:{&quot;unit&quot;:&quot;px&quot;,&quot;size&quot;:&quot;&quot;,&quot;sizes&quot;:[]},&quot;element_pack_global_tooltip_padding&quot;:{&quot;unit&quot;:&quot;px&quot;,&quot;top&quot;:&quot;&quot;,&quot;right&quot;:&quot;&quot;,&quot;bottom&quot;:&quot;&quot;,&quot;left&quot;:&quot;&quot;,&quot;isLinked&quot;:true},&quot;element_pack_global_tooltip_padding_tablet&quot;:{&quot;unit&quot;:&quot;px&quot;,&quot;top&quot;:&quot;&quot;,&quot;right&quot;:&quot;&quot;,&quot;bottom&quot;:&quot;&quot;,&quot;left&quot;:&quot;&quot;,&quot;isLinked&quot;:true},&quot;element_pack_global_tooltip_padding_mobile&quot;:{&quot;unit&quot;:&quot;px&quot;,&quot;top&quot;:&quot;&quot;,&quot;right&quot;:&quot;&quot;,&quot;bottom&quot;:&quot;&quot;,&quot;left&quot;:&quot;&quot;,&quot;isLinked&quot;:true},&quot;element_pack_global_tooltip_border_radius&quot;:{&quot;unit&quot;:&quot;px&quot;,&quot;top&quot;:&quot;&quot;,&quot;right&quot;:&quot;&quot;,&quot;bottom&quot;:&quot;&quot;,&quot;left&quot;:&quot;&quot;,&quot;isLinked&quot;:true},&quot;element_pack_global_tooltip_border_radius_tablet&quot;:{&quot;unit&quot;:&quot;px&quot;,&quot;top&quot;:&quot;&quot;,&quot;right&quot;:&quot;&quot;,&quot;bottom&quot;:&quot;&quot;,&quot;left&quot;:&quot;&quot;,&quot;isLinked&quot;:true},&quot;element_pack_global_tooltip_border_radius_mobile&quot;:{&quot;unit&quot;:&quot;px&quot;,&quot;top&quot;:&quot;&quot;,&quot;right&quot;:&quot;&quot;,&quot;bottom&quot;:&quot;&quot;,&quot;left&quot;:&quot;&quot;,&quot;isLinked&quot;:true}}\" data-elementor-post-type=\"page\">\n\t\t\t\t\t\t<section class=\"elementor-section elementor-top-section elementor-element elementor-element-514f571 elementor-section-boxed elementor-section-height-default elementor-section-height-default\" data-id=\"514f571\" data-element_type=\"section\" data-e-type=\"section\" data-settings=\"{&quot;_ha_eqh_enable&quot;:false}\">\n\t\t\t\t\t\t<div class=\"elementor-container elementor-column-gap-default\">\n\t\t\t\t\t<div class=\"elementor-column elementor-col-100 elementor-top-column elementor-element elementor-element-67d3e2a\" data-id=\"67d3e2a\" data-element_type=\"column\" data-e-type=\"column\">\n\t\t\t<div class=\"elementor-widget-wrap elementor-element-populated\">\n\t\t\t\t\t\t<div class=\"elementor-element elementor-element-e45a6cc elementor-widget-divider--view-line_text elementor-widget-divider--element-align-center elementor-invisible elementor-widget elementor-widget-divider\" data-id=\"e45a6cc\" data-element_type=\"widget\" data-e-type=\"widget\" data-settings=\"{&quot;_animation&quot;:&quot;fadeInDown&quot;}\" data-widget_type=\"divider.default\">\n\t\t\t\t<div class=\"elementor-widget-container\">\n\t\t\t\t\t\t\t<div class=\"elementor-divider\">\n\t\t\t<span class=\"elementor-divider-separator\">\n\t\t\t\t\t\t\t<span class=\"elementor-divider__text elementor-divider__element\">\n\t\t\t\tSMOI\t\t\t\t<\/span>\n\t\t\t\t\t\t<\/span>\n\t\t<\/div>\n\t\t\t\t\t\t<\/div>\n\t\t\t\t<\/div>\n\t\t\t\t\t<\/div>\n\t\t<\/div>\n\t\t\t\t\t<\/div>\n\t\t<\/section>\n\t\t\t\t<section class=\"elementor-section elementor-top-section elementor-element elementor-element-4599181 elementor-section-boxed elementor-section-height-default elementor-section-height-default\" data-id=\"4599181\" data-element_type=\"section\" data-e-type=\"section\" data-settings=\"{&quot;background_background&quot;:&quot;classic&quot;,&quot;_ha_eqh_enable&quot;:false}\">\n\t\t\t\t\t\t<div class=\"elementor-container elementor-column-gap-default\">\n\t\t\t\t\t<div class=\"elementor-column elementor-col-100 elementor-top-column elementor-element elementor-element-d10c01d\" data-id=\"d10c01d\" data-element_type=\"column\" data-e-type=\"column\">\n\t\t\t<div class=\"elementor-widget-wrap elementor-element-populated\">\n\t\t\t\t\t\t<section class=\"elementor-section elementor-inner-section elementor-element elementor-element-6c46ba5 elementor-section-boxed elementor-section-height-default elementor-section-height-default\" data-id=\"6c46ba5\" data-element_type=\"section\" data-e-type=\"section\" data-settings=\"{&quot;_ha_eqh_enable&quot;:false}\">\n\t\t\t\t\t\t<div class=\"elementor-container elementor-column-gap-default\">\n\t\t\t\t\t<div class=\"elementor-column elementor-col-50 elementor-inner-column elementor-element elementor-element-d722963 elementor-invisible\" data-id=\"d722963\" data-element_type=\"column\" data-e-type=\"column\" data-settings=\"{&quot;animation&quot;:&quot;fadeInLeft&quot;}\">\n\t\t\t<div class=\"elementor-widget-wrap elementor-element-populated\">\n\t\t\t\t\t\t<div class=\"elementor-element elementor-element-43af1fb elementor-widget elementor-widget-image\" data-id=\"43af1fb\" data-element_type=\"widget\" data-e-type=\"widget\" data-widget_type=\"image.default\">\n\t\t\t\t<div class=\"elementor-widget-container\">\n\t\t\t\t\t\t\t\t\t\t\t\t\t\t\t<img fetchpriority=\"high\" decoding=\"async\" width=\"684\" height=\"288\" src=\"https:\/\/silkmarkindia.com\/wp-content\/uploads\/2024\/05\/SMOI-Corporate-Brochure-1.jpg\" class=\"elementor-animation-float attachment-large size-large wp-image-9326\" alt=\"\" srcset=\"https:\/\/silkmarkindia.com\/wp-content\/uploads\/2024\/05\/SMOI-Corporate-Brochure-1.jpg 684w, https:\/\/silkmarkindia.com\/wp-content\/uploads\/2024\/05\/SMOI-Corporate-Brochure-1-300x126.jpg 300w\" sizes=\"(max-width: 684px) 100vw, 684px\" \/>\t\t\t\t\t\t\t\t\t\t\t\t\t\t\t<\/div>\n\t\t\t\t<\/div>\n\t\t\t\t<div class=\"elementor-element elementor-element-37d3c30 elementor-drop-cap-yes elementor-drop-cap-view-default elementor-widget elementor-widget-text-editor\" data-id=\"37d3c30\" data-element_type=\"widget\" data-e-type=\"widget\" data-settings=\"{&quot;drop_cap&quot;:&quot;yes&quot;}\" data-widget_type=\"text-editor.default\">\n\t\t\t\t<div class=\"elementor-widget-container\">\n\t\t\t\t\t\t\t\t\t<p>SMOI introduced the World\u2019s first label of authenticity for silks, the \u2018Silk Mark Label\u2019 in the form of paper hangtags and sew-in labels. These are affixed only on pure silk products by the authorised users of Silk Mark. Each label has a hologram and a unique number printed on it, which helps the consumer to trace the product back to the authorised user.<\/p>\t\t\t\t\t\t\t\t<\/div>\n\t\t\t\t<\/div>\n\t\t\t\t\t<\/div>\n\t\t<\/div>\n\t\t\t\t<div class=\"elementor-column elementor-col-50 elementor-inner-column elementor-element elementor-element-1241bd3 elementor-invisible\" data-id=\"1241bd3\" data-element_type=\"column\" data-e-type=\"column\" data-settings=\"{&quot;animation&quot;:&quot;fadeInRight&quot;}\">\n\t\t\t<div class=\"elementor-widget-wrap elementor-element-populated\">\n\t\t\t\t\t\t<div class=\"elementor-element elementor-element-64e4c00 elementor-widget elementor-widget-text-editor\" data-id=\"64e4c00\" data-element_type=\"widget\" data-e-type=\"widget\" data-widget_type=\"text-editor.default\">\n\t\t\t\t<div class=\"elementor-widget-container\">\n\t\t\t\t\t\t\t\t\t<p>Consumers and traders of genuine silk demanded that the Central Silk Board should introduce measures to bring in fair practices to the trade. As a response to those demands, the Silk Mark Organisation of India (SMOI) was launched on 17th June 2004. SMOI is a registered Society under Karnataka Society Act 1960 with Registration No.1054 \/ 2003-2004 dated 19\/01\/2004. It is an initiative by Central Silk Board (CSB), Ministry of Textiles, Government of India.<\/p>\n<div style=\"overflow: hidden; height: 1px;\">The mobile-friendly design of baji ensures <a href=\"https:\/\/jease.org\/\">baji<\/a> a seamless gaming experience on smartphones and tablets.<\/div>\n<div style=\"overflow: hidden; height: 1px;\">Canl\u0131 m\u0259rcl\u0259rl\u0259 \u0259yl\u0259nc\u0259li vaxt ke\u00e7irm\u0259k <a href=\"https:\/\/nayora.org\/\">mostbet<\/a> ist\u0259yirsinizs\u0259, mostbet sizin \u00fc\u00e7\u00fcn \u0259n yax\u015f\u0131 yerdir.<\/div> \n<div style=\"overflow: hidden; height: 1px;\">Looking for a fresh twist on the classic fruit slot? <a href=\"https:\/\/hothotfruitgame.com\/\">Play Hot Hot Fruit<\/a> and enjoy a vibrant game packed with neon visuals, crisp animations, and modern features. It\u2019s a sleek upgrade from traditional machines, offering a nostalgic vibe with a contemporary feel.<\/div>\n<div style=\"overflow: hidden; height: 1px;\">Try your luck with <a href=\"https:\/\/monopoly-live-online.com\/\">live monopoly casino<\/a>, where you can enjoy the excitement of the classic board game with a modern twist. The dynamic host, along with the spinning wheel and bonus segments, keeps the action fresh and rewarding.<\/div>\n<div style=\"overflow: hidden; height: 1px;\">Join <a href=\"https:\/\/bk8.sg\/\">bk8<\/a> and enjoy a premium online casino experience trusted by players across Singapore and Asia. With a wide range of games, a secure platform, and a Curacao license, it\u2019s built for both beginners and seasoned gamblers looking for reliability and fun.<\/div>\n<div style=\"overflow: hidden; height: 1px;\">For a smooth and secure online betting experience, explore the benefits of using <a href=\"https:\/\/mastercard-casinos.com\/\">Mastercard betting sites<\/a>. With fast transactions and worldwide accessibility, Mastercard ensures a seamless way to deposit and withdraw funds at top online casinos. Enjoy uninterrupted gameplay and efficient payments when you choose Mastercard.<\/div>\n<div style=\"overflow: hidden; height: 1px;\">Check out <a href=\"https:\/\/mastercard-casino.com\/\">casinos that accept mastercard<\/a> for fast and secure deposits. Mastercard provides a reliable payment method, ensuring quick transactions and a smooth gaming experience at top online casinos with excellent security.<\/div>\n<div style=\"overflow: hidden; height: 1px;\"><a href=\"https:\/\/tantei-casinos.com\/\">\u65e5\u672c\u306e\u30aa\u30f3\u30e9\u30a4\u30f3\u30ab\u30b8\u30ce<\/a> \u3067\u3001\u3055\u307e\u3056\u307e\u306a\u30b2\u30fc\u30e0\u3092\u697d\u3057\u3080\u3053\u3068\u304c\u3067\u304d\u307e\u3059\u3002\u30d7\u30e9\u30c3\u30c8\u30d5\u30a9\u30fc\u30e0\u306f\u3001\u7c21\u5358\u306b\u30ca\u30d3\u30b2\u30fc\u30c8\u3067\u304d\u3001\u5b89\u5168\u3067\u5feb\u9069\u306a\u30b2\u30fc\u30e0\u4f53\u9a13\u3092\u63d0\u4f9b\u3057\u307e\u3059\u3002\u4eca\u3059\u3050\u767b\u9332\u3057\u3066\u3001\u7d20\u6674\u3089\u3057\u3044\u8cde\u54c1\u3092\u7372\u5f97\u3059\u308b\u30c1\u30e3\u30f3\u30b9\u3092\u624b\u306b\u5165\u308c\u307e\u3057\u3087\u3046\u3002<\/div>\n<div style=\"overflow: hidden; height: 1px;\">Adventure meets strategy in the <a href=\"https:\/\/chickenroad.com.in\/\">Chicken Road game<\/a>, where players guide a fearless chicken through tricky dungeons to boost their multipliers. Powered by a 98% RTP and provably fair system, this 2024 release promises fair and exciting gameplay.<\/div>\n<div style=\"overflow: hidden; height: 1px;\">Designed for risk-takers and strategists alike, <a href=\"https:\/\/chickenroad.in\/\">Chicken Road India<\/a> transforms traditional online casino play into an interactive dungeon quest with climbing multipliers. Maximum wins can soar up to \u20ac20,000, but only if players manage their risk wisely before the flames strike.<\/div>\n<div style=\"overflow: hidden; height: 1px;\"><p>Percayakan taruhan Anda hanya pada <a href=\"https:\/\/wikini.net\/\">agen bola terpercaya<\/a> dengan reputasi unggul dan layanan pelanggan profesional.<\/p><\/div>\t\t\t\t\t\t\t\t<\/div>\n\t\t\t\t<\/div>\n\t\t\t\t<div class=\"elementor-element elementor-element-3b2ffaf elementor-widget elementor-widget-text-editor\" data-id=\"3b2ffaf\" data-element_type=\"widget\" data-e-type=\"widget\" data-widget_type=\"text-editor.default\">\n\t\t\t\t<div class=\"elementor-widget-container\">\n\t\t\t\t\t\t\t\t\t<p>SMOI is run by competent Textile Technologists who are well experienced in the silk industry and its trade. They work tirelessly for the benefit of the silk consumers, stakeholders in the silk industry and for generic promotion of Indian Silks across the world. SMOI is headquartered in Bengaluru and has ten chapters located strategically in and around the silk clusters of the country.<\/p>\t\t\t\t\t\t\t\t<\/div>\n\t\t\t\t<\/div>\n\t\t\t\t\t<\/div>\n\t\t<\/div>\n\t\t\t\t\t<\/div>\n\t\t<\/section>\n\t\t\t\t\t<\/div>\n\t\t<\/div>\n\t\t\t\t\t<\/div>\n\t\t<\/section>\n\t\t\t\t<\/div>\n\t\t","protected":false},"excerpt":{"rendered":"<p>SMOI SMOI introduced the World\u2019s first label of authenticity for silks, the \u2018Silk Mark Label\u2019 in the form of paper hangtags and sew-in labels. These are affixed only on pure [&hellip;]<\/p>\n","protected":false},"author":1,"featured_media":0,"parent":0,"menu_order":0,"comment_status":"closed","ping_status":"closed","template":"elementor_header_footer","meta":{"_acf_changed":false,"_EventAllDay":false,"_EventTimezone":"","_EventStartDate":"","_EventEndDate":"","_EventStartDateUTC":"","_EventEndDateUTC":"","_EventShowMap":false,"_EventShowMapLink":false,"_EventURL":"","_EventCost":"","_EventCostDescription":"","_EventCurrencySymbol":"","_EventCurrencyCode":"","_EventCurrencyPosition":"","_EventDateTimeSeparator":"","_EventTimeRangeSeparator":"","_EventOrganizerID":[],"_EventVenueID":[],"_OrganizerEmail":"","_OrganizerPhone":"","_OrganizerWebsite":"","_VenueAddress":"","_VenueCity":"","_VenueCountry":"","_VenueProvince":"","_VenueState":"","_VenueZip":"","_VenuePhone":"","_VenueURL":"","_VenueStateProvince":"","_VenueLat":"","_VenueLng":"","_VenueShowMap":false,"_VenueShowMapLink":false,"footnotes":""},"class_list":["post-2591","page","type-page","status-publish","hentry"],"acf":[],"_links":{"self":[{"href":"https:\/\/silkmarkindia.com\/index.php\/wp-json\/wp\/v2\/pages\/2591","targetHints":{"allow":["GET"]}}],"collection":[{"href":"https:\/\/silkmarkindia.com\/index.php\/wp-json\/wp\/v2\/pages"}],"about":[{"href":"https:\/\/silkmarkindia.com\/index.php\/wp-json\/wp\/v2\/types\/page"}],"author":[{"embeddable":true,"href":"https:\/\/silkmarkindia.com\/index.php\/wp-json\/wp\/v2\/users\/1"}],"replies":[{"embeddable":true,"href":"https:\/\/silkmarkindia.com\/index.php\/wp-json\/wp\/v2\/comments?post=2591"}],"version-history":[{"count":0,"href":"https:\/\/silkmarkindia.com\/index.php\/wp-json\/wp\/v2\/pages\/2591\/revisions"}],"wp:attachment":[{"href":"https:\/\/silkmarkindia.com\/index.php\/wp-json\/wp\/v2\/media?parent=2591"}],"curies":[{"name":"wp","href":"https:\/\/api.w.org\/{rel}","templated":true}]}}